{"id":232,"date":"2022-06-22T11:51:43","date_gmt":"2022-06-22T11:51:43","guid":{"rendered":"https:\/\/www.vw-neubukow.de\/?page_id=232"},"modified":"2022-06-22T12:12:27","modified_gmt":"2022-06-22T12:12:27","slug":"datenschutzbestimmungen","status":"publish","type":"page","link":"https:\/\/www.vw-neubukow.de\/?page_id=232","title":{"rendered":"Datenschutzbestimmungen"},"content":{"rendered":"<p>[et_pb_section fb_built=&#8220;1&#8243; custom_padding_last_edited=&#8220;on|tablet&#8220; admin_label=&#8220;Hero&#8220; _builder_version=&#8220;4.15.1&#8243; use_background_color_gradient=&#8220;on&#8220; background_color_gradient_start=&#8220;rgba(27,31,37,0)&#8220; background_color_gradient_end=&#8220;#1b1f25&#8243; background_color_gradient_overlays_image=&#8220;on&#8220; background_image=&#8220;https:\/\/www.vw-neubukow.de\/wp-content\/uploads\/2022\/03\/IMG_6389.jpeg&#8220; custom_margin=&#8220;0px|||&#8220; custom_padding=&#8220;0px|10%|0px|10%|true|true&#8220; custom_padding_tablet=&#8220;|30px||30px||true&#8220; custom_padding_phone=&#8220;|||||true&#8220; global_colors_info=&#8220;{}&#8220; locked=&#8220;off&#8220;][et_pb_row column_structure=&#8220;3_4,1_4&#8243; padding_top_bottom_link_1=&#8220;true&#8220; padding_left_right_link_1=&#8220;true&#8220; _builder_version=&#8220;4.15&#8243; background_size=&#8220;initial&#8220; background_position=&#8220;top_left&#8220; width=&#8220;100%&#8220; max_width=&#8220;100%&#8220; custom_margin=&#8220;|||&#8220; custom_padding=&#8220;0||0px||false|false&#8220; use_custom_width=&#8220;on&#8220; width_unit=&#8220;off&#8220; custom_width_percent=&#8220;100%&#8220; global_colors_info=&#8220;{}&#8220;][et_pb_column type=&#8220;3_4&#8243; _builder_version=&#8220;4.15&#8243; use_background_color_gradient=&#8220;on&#8220; background_color_gradient_start=&#8220;rgba(0,0,0,0.12)&#8220; background_color_gradient_end=&#8220;rgba(255,255,255,0)&#8220; custom_padding=&#8220;12vw|40px|12vw|40px|false|false&#8220; custom_padding_tablet=&#8220;|||&#8220; custom_padding_phone=&#8220;|10px||10px||true&#8220; custom_padding_last_edited=&#8220;on|desktop&#8220; global_colors_info=&#8220;{}&#8220; padding_phone=&#8220;|10px||10px||true&#8220; padding_tablet=&#8220;|||&#8220; padding_last_edited=&#8220;on|desktop&#8220; custom_padding__hover=&#8220;|||&#8220;][et_pb_text _builder_version=&#8220;4.15.1&#8243; text_font=&#8220;||||||||&#8220; header_font=&#8220;||||||||&#8220; header_4_font=&#8220;Teko|600||on|||||&#8220; header_4_text_color=&#8220;#FFFFFF&#8220; header_4_font_size=&#8220;22px&#8220; header_4_letter_spacing=&#8220;4px&#8220; header_4_line_height=&#8220;1.6em&#8220; custom_margin=&#8220;-30px|||0px|false|false&#8220; custom_margin_tablet=&#8220;|||0px&#8220; custom_margin_phone=&#8220;&#8220; custom_margin_last_edited=&#8220;on|tablet&#8220; custom_padding=&#8220;0px|||||&#8220; animation_style=&#8220;slide&#8220; animation_direction=&#8220;right&#8220; animation_intensity_slide=&#8220;10%&#8220; global_colors_info=&#8220;{}&#8220;]<\/p>\n<h4>Full Service, Beratung, Verkauf, Leasing, Finanzierungen<\/h4>\n<p>[\/et_pb_text][et_pb_text _builder_version=&#8220;4.15.1&#8243; text_font=&#8220;Lato||||||||&#8220; text_font_size=&#8220;20px&#8220; text_line_height=&#8220;1.8em&#8220; header_font=&#8220;Teko|500||on|||||&#8220; header_font_size=&#8220;6vw&#8220; header_letter_spacing=&#8220;0.05em&#8220; header_line_height=&#8220;0.9em&#8220; background_layout=&#8220;dark&#8220; min_height=&#8220;148.1px&#8220; custom_margin=&#8220;346px|-10vw|0px|||&#8220; custom_margin_tablet=&#8220;100px|0vw|||false|false&#8220; custom_margin_phone=&#8220;|-5vw||&#8220; custom_margin_last_edited=&#8220;on|tablet&#8220; custom_padding=&#8220;0px||||false|false&#8220; animation_style=&#8220;zoom&#8220; animation_delay=&#8220;100ms&#8220; animation_intensity_zoom=&#8220;10%&#8220; header_font_size_tablet=&#8220;&#8220; header_font_size_phone=&#8220;&#8220; header_font_size_last_edited=&#8220;on|phone&#8220; header_line_height_tablet=&#8220;&#8220; header_line_height_phone=&#8220;1.2em&#8220; header_line_height_last_edited=&#8220;on|phone&#8220; header_text_shadow_style=&#8220;preset1&#8243; header_text_shadow_vertical_length=&#8220;0.18em&#8220; header_text_shadow_blur_strength=&#8220;0.27em&#8220; header_text_shadow_color=&#8220;rgba(0,0,0,0.38)&#8220; global_colors_info=&#8220;{}&#8220;]<\/p>\n<h1>&#8222;Wo Kunden zu <br \/> Freunden werden&#8220;<\/h1>\n<p>[\/et_pb_text][et_pb_text _builder_version=&#8220;4.15.1&#8243; text_font=&#8220;Lato||||||||&#8220; text_font_size=&#8220;20px&#8220; text_line_height=&#8220;1.8em&#8220; header_font=&#8220;||||||||&#8220; background_layout=&#8220;dark&#8220; custom_margin=&#8220;||60px|10vw&#8220; custom_margin_tablet=&#8220;|||0px&#8220; custom_margin_phone=&#8220;&#8220; custom_margin_last_edited=&#8220;on|tablet&#8220; animation_style=&#8220;slide&#8220; animation_direction=&#8220;left&#8220; animation_intensity_slide=&#8220;10%&#8220; locked=&#8220;off&#8220; global_colors_info=&#8220;{}&#8220;]<\/p>\n<p align=\"center\"><strong>VW Autohaus Neubukow GmbH<\/strong> | Gewerbegebiet Berghausen | 18233 Neubukow<br \/>Telefon: 038294 \/ 718 0 | E-Mail: <a href=\"mailto:info@vw-witt.de\">info@vw-neubukow.de<\/a><\/p>\n<p>[\/et_pb_text][\/et_pb_column][et_pb_column type=&#8220;1_4&#8243; _builder_version=&#8220;4.15&#8243; custom_padding=&#8220;|||&#8220; global_colors_info=&#8220;{}&#8220; custom_padding__hover=&#8220;|||&#8220;][\/et_pb_column][\/et_pb_row][\/et_pb_section][et_pb_section fb_built=&#8220;1&#8243; next_background_color=&#8220;#ffffff&#8220; admin_label=&#8220;Features&#8220; _builder_version=&#8220;4.14.9&#8243; use_background_color_gradient=&#8220;on&#8220; background_color_gradient_start=&#8220;#ffffff&#8220; background_color_gradient_end=&#8220;rgba(255,255,255,0.7)&#8220; background_color_gradient_start_position=&#8220;40%&#8220; background_color_gradient_overlays_image=&#8220;on&#8220; background_image=&#8220;https:\/\/www.vw-neubukow.de\/wp-content\/uploads\/2022\/03\/VW-Bulli.jpg&#8220; custom_padding=&#8220;80px|0px|150px|0px|false|false&#8220; bottom_divider_style=&#8220;arrow&#8220; bottom_divider_arrangement=&#8220;above_content&#8220; bottom_divider_height_tablet=&#8220;&#8220; bottom_divider_height_phone=&#8220;50px&#8220; bottom_divider_height_last_edited=&#8220;on|desktop&#8220; global_colors_info=&#8220;{}&#8220; locked=&#8220;off&#8220; theme_builder_area=&#8220;post_content&#8220;][et_pb_row _builder_version=&#8220;4.15&#8243; global_colors_info=&#8220;{}&#8220; theme_builder_area=&#8220;post_content&#8220;][et_pb_column type=&#8220;4_4&#8243; _builder_version=&#8220;4.15&#8243; custom_padding=&#8220;|||&#8220; global_colors_info=&#8220;{}&#8220; custom_padding__hover=&#8220;|||&#8220; theme_builder_area=&#8220;post_content&#8220;][et_pb_text _builder_version=&#8220;4.15.1&#8243; text_font=&#8220;Lato||||||||&#8220; text_font_size=&#8220;20px&#8220; text_line_height=&#8220;1.8em&#8220; header_font=&#8220;||||||||&#8220; header_2_font=&#8220;Teko||||||||&#8220; header_2_font_size=&#8220;80px&#8220; text_orientation=&#8220;center&#8220; max_width=&#8220;1145px&#8220; module_alignment=&#8220;center&#8220; custom_margin=&#8220;|||&#8220; hover_enabled=&#8220;0&#8243; header_2_font_size_tablet=&#8220;66px&#8220; header_2_font_size_phone=&#8220;36px&#8220; header_2_font_size_last_edited=&#8220;on|phone&#8220; global_colors_info=&#8220;{}&#8220; theme_builder_area=&#8220;post_content&#8220; sticky_enabled=&#8220;0&#8243;]<\/p>\n<h2>Datenschutzbestimmungen<\/h2>\n<p>[\/et_pb_text][\/et_pb_column][\/et_pb_row][et_pb_row _builder_version=&#8220;4.15&#8243; global_colors_info=&#8220;{}&#8220; theme_builder_area=&#8220;post_content&#8220;][et_pb_column type=&#8220;4_4&#8243; _builder_version=&#8220;4.15&#8243; custom_padding=&#8220;|||&#8220; global_colors_info=&#8220;{}&#8220; custom_padding__hover=&#8220;|||&#8220; theme_builder_area=&#8220;post_content&#8220;][et_pb_text _builder_version=&#8220;4.15.1&#8243; _module_preset=&#8220;default&#8220; theme_builder_area=&#8220;post_content&#8220; hover_enabled=&#8220;0&#8243; sticky_enabled=&#8220;0&#8243;]<\/p>\n<div class=\"pm102_copy section\">\n<div class=\"container-fluid vw_background vw_m102 \">\n<section class=\"vw_m102_copy row vw_refresh  vw_js_sectionTracking\" data-contentid=\"150426888734830135\">\n<div class=\"vw_m102_copy_container col-xs-12 col-sm-11  align-left\">\n<div class=\"vw_m025_richtext vw_m022_copy_b2\">\n<p><strong>A. Verantwortlicher<\/strong><\/p>\n<p>Wir freuen uns, dass Sie unsere Webseite der\u00a0VW Autohaus Neubukow GmbH, Gewerbegebiet Berghausen, 18233 Neubukow, <a class=\"vw_generalLinkTrack\" href=\"mailto:info@vw-neubukow.de\">info@vw-neubukow.de<\/a>, besuchen. Im Folgenden informieren wir Sie \u00fcber die Verarbeitung Ihrer personenbezogenen Daten durch uns im Zusammenhang mit Ihrem Besuch unserer Webseite.<\/p>\n<p><strong>B. Verarbeitung Ihrer personenbezogenen Daten<br \/><\/strong><\/p>\n<p>Unsere Webseite bietet Ihnen verschiedene Angebote, die wir Ihnen in Bezug auf dabei durch uns verarbeitete personenbezogene Daten im Folgenden n\u00e4her erl\u00e4utern m\u00f6chten. Bei der Datenverarbeitung im Zusammenhang mit unserer Webseite unterst\u00fctzt uns die Volkswagen AG als Auftragsverarbeiterin.<\/p>\n<p><strong>Verarbeitung von Protokolldateien<\/strong><\/p>\n<p>Bei Ihrem Besuch auf unserer Webseite verarbeiten wir die folgenden Protokolldateien von Ihnen, die keinen R\u00fcckschluss auf Ihre Person zulassen:<\/p>\n<ol>\n<li>eine anonyme Kennung, die keinen R\u00fcckschluss auf Ihre IP-Adresse erm\u00f6glicht<\/li>\n<li>das von Ihnen genutzte Betriebssystem, den von Ihnen genutzten Webbrowser und die von Ihnen eingestellte Bildschirmaufl\u00f6sung<\/li>\n<li>das Datum und die Uhrzeit Ihres Besuchs sowie<\/li>\n<li>die Unterseiten, die Sie auf unserer Webseite besucht haben<\/li>\n<\/ol>\n<p>Die Verarbeitung dieser Daten erfolgt gem\u00e4\u00df Artikel 6 Abs. 1 lit. f DSGVO aufgrund unseres berechtigten Interesses, Ihnen die Webseite ordnungsgem\u00e4\u00df anzeigen zu k\u00f6nnen. Die Daten werden nach f\u00fcnf Tagen gel\u00f6scht.<\/p>\n<p><strong>C.\u00a0\u00a0 \u00a0Nutzung von HERE<\/strong><\/p>\n<p>Auf unserer Webseite wird Kartenmaterial der HERE Global B.V. (\u201eHERE\u201c) verwendet, um Ihnen den Standort des Anbieters des f\u00fcr Sie interessanten Fahrzeugs auf einer Karte anzuzeigen. Zu diesem Zweck wird Ihre IP-Adresse von Ihrem Browser an HERE weitergegeben, damit der relevante Kartenausschnitt direkt vom HERE-Server geladen werden kann. Rechtsgrundlage f\u00fcr diese Datenverarbeitung ist Art. 6 Abs. 1 lit. b DSGVO. Sofern Sie sich Ihre Anfahrtsroute zu dem angezeigten Standort anzeigen lassen m\u00f6chten, klicken Sie bitte auf \u201eAnfahrt\u201c neben dem angezeigten Standort. Dieser Link leitet Sie zu einer HERE-Webseite weiter. Dort haben Sie die M\u00f6glichkeit, Ihren derzeitigen Standort anzugeben, um sich die Anfahrtsroute zum Anbieter anzeigen zu lassen. Die Verarbeitung personenbezogener Daten auf der HERE-Webseite richtet sich nach der Datenschutzerkl\u00e4rung von HERE\u00a0(<a class=\"vw_generalLinkTrack\" href=\"https:\/\/legal.here.com\/de-de\/privacy\/policy\">https:\/\/legal.here.com\/de-de\/privacy\/policy<\/a>). Wir sind f\u00fcr die dort bereitgestellten Inhalte nicht verantwortlich.<\/p>\n<p><strong>D.\u00a0\u00a0 \u00a0Einsatz von Cookies und Tracking-Tools<\/strong><\/p>\n<p><strong>I.\u00a0\u00a0 \u00a0Allgemeine Informationen<\/strong><\/p>\n<p>Wir setzen auf unserer Webseite verschiedene Cookies ein. Cookies sind kleine Dateien mit Konfigurationsinformationen, die auf Ihrem Endger\u00e4t gespeichert werden. Cookies lassen sich grunds\u00e4tzlich in drei Kategorien unterteilen: Es gibt Cookies, die f\u00fcr die Funktionalit\u00e4t der Webseite unerl\u00e4sslich sind (sog. Funktionscookies), Cookies, die den Komfort eines Webseitenbesuchs erh\u00f6hen und z. B. Ihre Spracheinstellungen speichern (sog. Komfortcookies) und Cookies, aufgrund derer ein pseudonymisiertes Nutzungsprofil erstellt wird (sog. Trackingcookies). F\u00fcr unsere Webseite sind lediglich Funktions- und Trackingcookies vorgesehen.<\/p>\n<p>Die Verarbeitung der Funktionscookies ist notwendig, um Ihnen einen Besuch unserer Webseite zu erm\u00f6glichen (vgl. Art. 6 Abs. 1 lit. b DSGVO).<\/p>\n<p>Trackingcookies werden nur gesetzt, wenn eine Einwilligung durch Sie als Webseitenbesucher daf\u00fcr vorliegt (Art. 6 Abs. 1 lit. a DSGVO). Die Einwilligung wird \u00fcber das sogenannte Cookie-Banner abgegeben, das aktiv angeklickt werden muss.<\/p>\n<p>Beim Einsatz von Cookies und Trackingtools unterst\u00fctzt die Call Toni GmbH als Auftragsverarbeiter.<\/p>\n<p>Sie k\u00f6nnen die Einwilligung zur dargestellten Datenverarbeitung durch den Einsatz der aufgef\u00fchrten Cookies und Trackingtools jederzeit mit Wirkung f\u00fcr die Zukunft widerrufen, indem Sie auf den nachfolgenden Link klicken und in unserem Cookie-Consent-Manager Ihre aktuell festgelegten Pr\u00e4ferenzen \u00e4ndern:<\/p>\n<p><a class=\"vw_generalLinkTrack\" href=\"https:\/\/www.volkswagen-witt.de\/de\/rechtliches\/datenschutz.html?open=true\">Meine Cookie-Pr\u00e4ferenzen verwalten<\/a><\/p>\n<p>Weitere Informationen zu unseren Cookies entnehmen Sie bitte der <a class=\"vw_generalLinkTrack\" href=\"https:\/\/www.volkswagen-witt.de\/de\/rechtliches\/-cookie-richtlinie.html\" target=\"_blank\" rel=\"noopener\">Cookie-Richtlinie<\/a> sowie dem Folgenden:<\/p>\n<ul>\n<li><strong>Ensighten<\/strong><br \/>Ensighten ist ein Tag-Management-Tool und steuert die auf der Webseite eingesetzten Trackingtools sowie die jeweils zugeh\u00f6rigen Cookies. Ensighten selbst erhebt hierzu keine personenbezogenen Daten.<\/li>\n<\/ul>\n<p><strong>II.\u00a0\u00a0 \u00a0Adobe Analytics<\/strong><\/p>\n<p>Unsere Webseite nutzt den Webanalysedienst Adobe Analytics, um die Nutzerzugriffe auf diese Webseite auszuwerten. Die Datenverarbeitung erfolgt auf Grundlage einer von Ihnen abgegebenen Einwilligung (Art. 6 Abs. 1 lit. a DSGVO).<\/p>\n<p>F\u00fcr die Auswertung werden Cookies auf Ihrem Endger\u00e4t gespeichert und hier\u00fcber Informationen erhoben, die auch auf Servern unseres Auftragsverarbeiters Adobe Systems Software Ireland Limited (\u201eAdobe\u201c) gespeichert werden. Ein Zugriff auf die Informationen durch Adobe Systems Incorporated mit Sitz in den USA kann nicht ausgeschlossen werden, sodass entsprechende EU-Standarddatenschutzklauseln als Garantien zur Datenverarbeitung in nicht europ\u00e4ischen L\u00e4ndern abgeschlossen wurden. Sie haben das Recht, im Rahmen der Auskunft \u00fcber diesen Standardvertrag informiert zu werden.<\/p>\n<p>Eine direkte Personenbeziehbarkeit der auf den Adobe-Servern gespeicherten Informationen ist ausgeschlossen, da Adobe Analytics mit den Einstellungen \u201eBefore Geo-Lookup: Replace visitor\u2019s last IP octet with 0\u201c und \u201eObfuscate IP-Removed\u201c genutzt wird. Durch die Einstellung \u201eBefore Geo-Lookup: Replace visitor\u2019s last IP octet with 0\u201c wird gew\u00e4hrleistet, dass vor dieser sogenannten Geolokalisierung die IP-Adresse anonymisiert wird, indem das letzte Oktett der IP-Adresse durch Nullen ersetzt wird. Der ungef\u00e4hre Standort des Nutzers wird zur statistischen Auswertung an das Trackingpaket, dass noch die vollst\u00e4ndige IP-Adresse enth\u00e4lt, hinzugef\u00fcgt. Vor Speicherung des Trackingpakets wird die IP-Adresse dann durch eine einzelne feste IP-Adresse ersetzt &#8211; hier spricht man von einer generischen IP-Adresse \u2013 wenn die Einstellung \u201eObfuscate IP \u2013 Removed\u201c konfiguriert ist. Damit ist die IP-Adresse nicht mehr in einem gespeicherten Datensatz enthalten.<\/p>\n<p>Sie k\u00f6nnen Ihre Einwilligung jederzeit mit Wirkung f\u00fcr die Zukunft widerrufen, indem Sie auf den nachfolgenden Link klicken und in unserem Cookie-Consent-Manager Ihre aktuell festgelegten Pr\u00e4ferenzen \u00e4ndern:<\/p>\n<p><a class=\"vw_generalLinkTrack\" href=\"https:\/\/www.volkswagen-witt.de\/de\/rechtliches\/datenschutz.html?open=true\">Meine Cookie-Pr\u00e4ferenzen verwalten<\/a><\/p>\n<p>Wenn Sie dem Einsatz von Tracking-Mechanismen zum Zweck von \u201eAnalytics &amp; Personalisierung\u201c \u00fcber unser Cookie-Banner bzw. unseren Cookie-Consent-Manager nicht zugestimmt haben, wird der Analysedienst nicht aktiviert. Eine Datenerfassung findet in diesem Fall nicht statt.<\/p>\n<p><strong>III.\u00a0\u00a0\u00a0 Sophus3<\/strong><\/p>\n<p>Unsere Webseite nutzt den Webanalysedienst Sophus3, um die Nutzerzugriffe auf diese Webseite auszuwerten. Die Datenverarbeitung erfolgt auf Grundlage einer von Ihnen abgegebenen Einwilligung (Art. 6 Abs. 1 lit. a DSGVO).<\/p>\n<p>F\u00fcr die Auswertung werden Cookies auf Ihrem Endger\u00e4t gespeichert und hier\u00fcber Informationen erhoben, die auch auf Servern unseres Auftragsverarbeiters Sophus3 Limited Cyprus (\u201eSophus3\u201c) gespeichert werden. Die Cookies enthalten Session-IDs und Besucher-IDs.<\/p>\n<p>In der Webanalyse werden Seitenaufrufe und Aktionen (z. B. Klicken) auf der Webseite sequenziell, d. h. nacheinander aufgezeichnet. Die so entstehenden Datens\u00e4tze sind isoliert. Eine eindeutige Session-ID, die zusammen mit den Seitenaufrufen und Aktionen gespeichert wird, erlaubt es, nachtr\u00e4glich Seitenaufrufe und Aktionen der gemeinsamen Session zuzuordnen. Eine eindeutige Benutzer-ID erm\u00f6glicht es, dies \u00fcber verschiedene Webseitenbesuche hinweg zu tun. Die Daten werden zur Analyse des Benutzerverhaltens auf der Webseite verwendet.<\/p>\n<p>Eine direkte Personenbeziehbarkeit der auf den Sophus3-Servern gespeicherten Informationen ist ausgeschlossen. Eine Zufallszahl wird als Besucher-ID vergeben. Die IP-Adresse wird unkenntlich gemacht (gehasht) und gek\u00fcrzt (die letzten zwei Oktette werden entfernt). Ein digitaler Fingerabdruck (DF) wird erstellt. Er verwendet aber die gek\u00fcrzte IP-Adresse. Der DF ist selbst ein Hashwert und damit ist ein R\u00fcckbezug ausgeschlossen.<\/p>\n<p>Eine Geolokalisierung findet nicht statt. Es werden keine Geodaten erhoben.<\/p>\n<p>Die Daten werden nach zw\u00f6lf Monaten gel\u00f6scht.<\/p>\n<p>Sie k\u00f6nnen Ihre Einwilligung jederzeit mit Wirkung f\u00fcr die Zukunft widerrufen, indem Sie auf den nachfolgenden Link klicken und in unserem Cookie-Consent-Manager Ihre aktuell festgelegten Pr\u00e4ferenzen \u00e4ndern:<\/p>\n<p><a class=\"vw_generalLinkTrack\" href=\"https:\/\/www.volkswagen-witt.de\/de\/rechtliches\/datenschutz.html?open=true\">Meine Cookie-Pr\u00e4ferenzen verwalten<\/a><\/p>\n<p>Wenn Sie dem Einsatz von Tracking-Mechanismen zum Zweck von \u201eAnalytics &amp; Personalisierung\u201c \u00fcber unser Cookie-Banner bzw. unseren Cookie-Consent-Manager nicht zugestimmt haben, wird der Analysedienst nicht aktiviert. Eine Datenerfassung findet in diesem Fall nicht statt.<\/p>\n<p><strong>E.\u00a0\u00a0 \u00a0Ihre Rechte<\/strong><\/p>\n<p>Ihre nachfolgenden Rechte k\u00f6nnen Sie gegen\u00fcber uns jederzeit unentgeltlich geltend machen. Weitere Informationen zur Wahrnehmung Ihrer Rechte finden Sie unter Abschnitt F.<\/p>\n<p><strong>Auskunftsrecht:<\/strong> Sie haben das Recht, von uns Auskunft (Art. 15 DSGVO) \u00fcber die Verarbeitung Ihrer personenbezogenen Daten zu erhalten.<\/p>\n<p><strong>Berichtigungsrecht:<\/strong> Sie haben das Recht, von y die Berichtigung (Art. 16 DSGVO) Sie betreffender unrichtiger bzw. unvollst\u00e4ndiger personenbezogener Daten zu verlangen.<\/p>\n<p><strong>Recht auf L\u00f6schung:<\/strong> Sie haben das Recht, bei Vorliegen der in Art. 17 DSGVO genannten Voraussetzungen, die L\u00f6schung Ihrer Daten zu verlangen. Danach k\u00f6nnen Sie beispielsweise die L\u00f6schung Ihrer Daten verlangen, soweit diese f\u00fcr die Zwecke, f\u00fcr die sie erhoben wurden, nicht mehr notwendig sind. Au\u00dferdem k\u00f6nnen Sie die L\u00f6schung verlangen, wenn wir Ihre Daten auf der Grundlage Ihrer Einwilligung verarbeiten und Sie diese Einwilligung widerrufen.<\/p>\n<p><strong>Recht auf Einschr\u00e4nkung der Verarbeitung: <\/strong>Sie haben das Recht, die Einschr\u00e4nkung der Verarbeitung Ihrer Daten zu verlangen, wenn die Voraussetzungen des Art. 18 DSGVO vorliegen. Dies ist beispielsweise der Fall, wenn Sie die Richtigkeit Ihrer Daten bestreiten. F\u00fcr die Dauer der \u00dcberpr\u00fcfung der Richtigkeit der Daten k\u00f6nnen Sie dann die Einschr\u00e4nkung der Verarbeitung verlangen.<\/p>\n<p><strong>Widerspruchsrecht: Sofern die Verarbeitung auf einem \u00fcberwiegenden berechtigten Interesse beruht, haben Sie das Recht, der Verarbeitung Ihrer Daten zu widersprechen. Im Falle des Widerspruchs bitten wir Sie, uns Ihre Gr\u00fcnde mitzuteilen, aus denen Sie der Datenverarbeitung widersprechen. Daneben haben Sie das Recht, der Datenverarbeitung zu Zwecken der Direktwerbung zu widersprechen. Das gilt auch f\u00fcr Profiling, soweit es mit der Direktwerbung zusammenh\u00e4ngt.<\/strong><\/p>\n<p><strong>Recht auf Daten\u00fcbertragbarkeit:<\/strong> Sofern die Datenverarbeitung auf der Grundlage eine Einwilligung oder einer Vertragserf\u00fcllung beruht und diese zudem unter Einsatz einer automatisierten Verarbeitung erfolgt, haben Sie das Recht, Ihre Daten in einem strukturierten, g\u00e4ngigen und maschinenlesbaren Format zu erhalten und diese an einen anderen Datenverarbeiter zu \u00fcbermitteln.<\/p>\n<p><strong>Widerrufsrecht: <\/strong>Sofern die Datenverarbeitung auf einer Einwilligung beruht, haben Sie das Recht, die Einwilligung mit Wirkung f\u00fcr die Zukunft jederzeit kostenlos zu widerrufen.<\/p>\n<p><strong>Beschwerderecht:<\/strong> Sie haben au\u00dferdem das Recht, sich bei einer Aufsichtsbeh\u00f6rde (z. B. bei der Landesbeauftragten f\u00fcr den Datenschutz Niedersachsen) \u00fcber unsere Verarbeitung Ihrer Daten zu beschweren.<\/p>\n<\/div>\n<\/div>\n<\/section>\n<\/div>\n<\/div>\n<div class=\"pm102_copy section\">\n<div class=\"container-fluid vw_background vw_m102 \">\n<section class=\"vw_m102_copy row vw_refresh  vw_js_sectionTracking\" data-contentid=\"150426888734830135\">\n<div class=\"col col-xs-12 vw_m102_headline_container\">\u00a0<\/div>\n<div class=\"vw_m102_copy_container col-xs-12 col-sm-11  align-left\">\n<div class=\"vw_m025_richtext vw_m022_copy_b2\">\n<p><strong>F.\u00a0\u00a0 \u00a0Ihre Ansprechpartner f\u00fcr die Aus\u00fcbung Ihrer Rechte<\/strong><\/p>\n<p><strong>Datenschutzbeauftragter<\/strong><\/p>\n<p>Unser Datenschutzbeauftragter steht Ihnen als Ansprechpartner f\u00fcr datenschutzbezogene Anliegen, die Aus\u00fcbung Ihrer Rechte und weitergehende Informationen zur Verf\u00fcgung:<\/p>\n<p>VW Autohaus Neubukow GmbH<br \/>Gewerbegebiet Berghausen, 18233 Neubukow<br \/><a class=\"vw_generalLinkTrack\" href=\"mailto:info@vw-neubukow.de\">info@vw-neubukow.de<\/a><\/p>\n<\/div>\n<\/div>\n<\/section>\n<\/div>\n<\/div>\n<div class=\"pm102_copy section\">\n<div class=\"container-fluid vw_background vw_m102 \">\n<section class=\"vw_m102_copy row vw_refresh  vw_js_sectionTracking\" data-contentid=\"150426888734830135\">\n<div class=\"col col-xs-12 vw_m102_headline_container\">\u00a0<\/div>\n<div class=\"vw_m102_copy_container col-xs-12 col-sm-11  align-left\">\n<div class=\"vw_m025_richtext vw_m022_copy_b2\">\n<p>Stand: Oktober 2020<\/p>\n<\/div>\n<\/div>\n<\/section>\n<\/div>\n<\/div>\n<p>[\/et_pb_text][\/et_pb_column][\/et_pb_row][\/et_pb_section]<\/p>\n","protected":false},"excerpt":{"rendered":"<p>Full Service, Beratung, Verkauf, Leasing, Finanzierungen&#8220;Wo Kunden zu Freunden werden&#8220;VW Autohaus Neubukow GmbH | Gewerbegebiet Berghausen | 18233 NeubukowTelefon: 038294 \/ 718 0 | E-Mail: info@vw-neubukow.deDatenschutzbestimmungen A. Verantwortlicher Wir freuen uns, dass Sie unsere Webseite der\u00a0VW Autohaus Neubukow GmbH, Gewerbegebiet Berghausen, 18233 Neubukow, info@vw-neubukow.de, besuchen. Im Folgenden informieren wir Sie \u00fcber die Verarbeitung Ihrer personenbezogenen [&hellip;]<\/p>\n","protected":false},"author":2,"featured_media":0,"parent":0,"menu_order":0,"comment_status":"closed","ping_status":"closed","template":"","meta":{"_et_pb_use_builder":"on","_et_pb_old_content":"","_et_gb_content_width":""},"_links":{"self":[{"href":"https:\/\/www.vw-neubukow.de\/index.php?rest_route=\/wp\/v2\/pages\/232"}],"collection":[{"href":"https:\/\/www.vw-neubukow.de\/index.php?rest_route=\/wp\/v2\/pages"}],"about":[{"href":"https:\/\/www.vw-neubukow.de\/index.php?rest_route=\/wp\/v2\/types\/page"}],"author":[{"embeddable":true,"href":"https:\/\/www.vw-neubukow.de\/index.php?rest_route=\/wp\/v2\/users\/2"}],"replies":[{"embeddable":true,"href":"https:\/\/www.vw-neubukow.de\/index.php?rest_route=%2Fwp%2Fv2%2Fcomments&post=232"}],"version-history":[{"count":4,"href":"https:\/\/www.vw-neubukow.de\/index.php?rest_route=\/wp\/v2\/pages\/232\/revisions"}],"predecessor-version":[{"id":241,"href":"https:\/\/www.vw-neubukow.de\/index.php?rest_route=\/wp\/v2\/pages\/232\/revisions\/241"}],"wp:attachment":[{"href":"https:\/\/www.vw-neubukow.de\/index.php?rest_route=%2Fwp%2Fv2%2Fmedia&parent=232"}],"curies":[{"name":"wp","href":"https:\/\/api.w.org\/{rel}","templated":true}]}}